{"id":975,"date":"2014-11-07T08:46:42","date_gmt":"2014-11-07T07:46:42","guid":{"rendered":"http:\/\/wostal.pl\/uslugi\/obrobka-cieplna\/"},"modified":"2024-08-30T12:49:32","modified_gmt":"2024-08-30T10:49:32","slug":"waermebehandlung","status":"publish","type":"page","link":"https:\/\/wostal.pl\/de\/dienstleistungen\/waermebehandlung\/","title":{"rendered":"W\u00e4rmebehandlung"},"content":{"rendered":"<div class=\"wpb-content-wrapper\">[vc_row][vc_column][rev_slider_vc alias=&#8220;slider_2&#8243;][\/vc_column][\/vc_row][vc_row center_row=&#8220;yes&#8220;][vc_column width=&#8220;3\/4&#8243;][vc_text_separator title=&#8220;W\u00e4rmebehandlung&#8220; title_align=&#8220;separator_align_left&#8220; style=&#8220;two&#8220; element_type=&#8220;div&#8220; border_color=&#8220;#dd3333&#8243;]<div class=\"vcex-spacing wpex-w-100 wpex-clear\" style=\"height:20px;\"><\/div>[vc_column_text]\n<ul>\n<li>Normalgl\u00fchen<\/li>\n<li>H\u00e4rtung &#8211; 800 x 1750 x 500 mm \u2013 Kammergr\u00f6\u00dfe (Breite, Tiefe, H\u00f6he.)<\/li>\n<li>Gl\u00fchen \u2013 max. Ladung 2000 kg<\/li>\n<li>Tempern<\/li>\n<li>Induktionsh\u00e4rten \u2013 Abmessungen bis \u00d8 50 \u00d7 250 mm<\/li>\n<\/ul>\n[\/vc_column_text]<div class=\"vcex-module vcex-divider vcex-divider-solid vcex-divider-center wpex-mx-auto wpex-max-w-100 wpex-block wpex-h-0 wpex-border-b wpex-border-solid wpex-border-main\" style=\"width:100%;margin-top:50px;margin-bottom:20px;border-bottom-width:1px;\"><\/div><div class=\"vcex-image-grid-wrap wpex-clr\"><div class=\"vcex-module vcex-image-grid grid-style-default wpex-row wpex-clr wpex-lightbox-group\"><div class=\"id-11339 vcex-image-grid-entry vcex-grid-item textcenter span_1_of_2 col col-1\"><figure class=\"vcex-image-grid-entry-figure wpex-last-mb-0 wpex-clr\"><div class=\"vcex-image-grid-entry-img entry-media wpex-mb-20\"><a href=\"https:\/\/wostal.pl\/wp-content\/uploads\/2014\/11\/IMG_2646.jpg\" class=\"vcex-image-grid-entry-link wpex-lightbox-group-item\" ><img width=\"1920\" height=\"1280\" src=\"https:\/\/wostal.pl\/wp-content\/uploads\/2014\/11\/IMG_2646.jpg\" class=\"wpex-align-middle\" alt=\"\" loading=\"lazy\" decoding=\"async\" srcset=\"https:\/\/wostal.pl\/wp-content\/uploads\/2014\/11\/IMG_2646.jpg 1920w, https:\/\/wostal.pl\/wp-content\/uploads\/2014\/11\/IMG_2646-300x200.jpg 300w, https:\/\/wostal.pl\/wp-content\/uploads\/2014\/11\/IMG_2646-1024x683.jpg 1024w, https:\/\/wostal.pl\/wp-content\/uploads\/2014\/11\/IMG_2646-768x512.jpg 768w, https:\/\/wostal.pl\/wp-content\/uploads\/2014\/11\/IMG_2646-1536x1024.jpg 1536w\" sizes=\"auto, (max-width: 1920px) 100vw, 1920px\" \/><\/a><\/div><\/figure><\/div><div class=\"id-11333 vcex-image-grid-entry vcex-grid-item textcenter span_1_of_2 col col-2\"><figure class=\"vcex-image-grid-entry-figure wpex-last-mb-0 wpex-clr\"><div class=\"vcex-image-grid-entry-img entry-media wpex-mb-20\"><a href=\"https:\/\/wostal.pl\/wp-content\/uploads\/2014\/11\/DSC_5812.jpg\" class=\"vcex-image-grid-entry-link wpex-lightbox-group-item\" data-caption=\"obr\u00f3bka cieplna\"><img width=\"1600\" height=\"1068\" src=\"https:\/\/wostal.pl\/wp-content\/uploads\/2014\/11\/DSC_5812.jpg\" class=\"wpex-align-middle\" alt=\"\" loading=\"lazy\" decoding=\"async\" srcset=\"https:\/\/wostal.pl\/wp-content\/uploads\/2014\/11\/DSC_5812.jpg 1600w, https:\/\/wostal.pl\/wp-content\/uploads\/2014\/11\/DSC_5812-300x200.jpg 300w, https:\/\/wostal.pl\/wp-content\/uploads\/2014\/11\/DSC_5812-1024x684.jpg 1024w, https:\/\/wostal.pl\/wp-content\/uploads\/2014\/11\/DSC_5812-768x513.jpg 768w, https:\/\/wostal.pl\/wp-content\/uploads\/2014\/11\/DSC_5812-1536x1025.jpg 1536w\" sizes=\"auto, (max-width: 1600px) 100vw, 1600px\" \/><\/a><\/div><\/figure><\/div><\/div><\/div>[\/vc_column][vc_column width=&#8220;1\/4&#8243;][vc_widget_sidebar sidebar_id=&#8220;search_sidebar&#8220;][\/vc_column][\/vc_row][vc_row][vc_column][\/vc_column][\/vc_row]\n<\/div>","protected":false},"excerpt":{"rendered":"<p>[vc_row][vc_column][rev_slider_vc alias=&#8220;slider_2&#8243;][\/vc_column][\/vc_row][vc_row center_row=&#8220;yes&#8220;][vc_column width=&#8220;3\/4&#8243;][vc_text_separator title=&#8220;W\u00e4rmebehandlung&#8220; title_align=&#8220;separator_align_left&#8220; style=&#8220;two&#8220; element_type=&#8220;div&#8220; border_color=&#8220;#dd3333&#8243;][vc_column_text] Normalgl\u00fchen H\u00e4rtung &#8211; 800 x 1750 x 500 mm \u2013 Kammergr\u00f6\u00dfe (Breite, Tiefe, H\u00f6he.) Gl\u00fchen \u2013 max. Ladung 2000 kg Tempern Induktionsh\u00e4rten \u2013 Abmessungen bis \u00d8 50 \u00d7 250 mm [\/vc_column_text][\/vc_column][vc_column width=&#8220;1\/4&#8243;][vc_widget_sidebar sidebar_id=&#8220;search_sidebar&#8220;][\/vc_column][\/vc_row][vc_row][vc_column][\/vc_column][\/vc_row]<\/p>\n","protected":false},"author":2,"featured_media":0,"parent":969,"menu_order":0,"comment_status":"open","ping_status":"open","template":"","meta":{"footnotes":""},"class_list":["post-975","page","type-page","status-publish","hentry","entry","no-media"],"yoast_head":"<!-- This site is optimized with the Yoast SEO plugin v26.2 - https:\/\/yoast.com\/wordpress\/plugins\/seo\/ -->\n<title>W\u00e4rmebehandlung - ZMK &quot;WOSTAL&quot; Sp. z o.o. | Zak\u0142ady Mechaniczno - Ku\u017anicze<\/title>\n<meta name=\"robots\" content=\"index, follow, max-snippet:-1, max-image-preview:large, max-video-preview:-1\" \/>\n<link rel=\"canonical\" href=\"https:\/\/wostal.pl\/de\/dienstleistungen\/waermebehandlung\/\" \/>\n<meta property=\"og:locale\" content=\"de_DE\" \/>\n<meta property=\"og:type\" content=\"article\" \/>\n<meta property=\"og:title\" content=\"W\u00e4rmebehandlung - ZMK &quot;WOSTAL&quot; Sp. z o.o. | Zak\u0142ady Mechaniczno - Ku\u017anicze\" \/>\n<meta property=\"og:description\" content=\"[vc_row][vc_column][rev_slider_vc alias=&#8220;slider_2&#8243;][\/vc_column][\/vc_row][vc_row center_row=&#8220;yes&#8220;][vc_column width=&#8220;3\/4&#8243;][vc_text_separator title=&#8220;W\u00e4rmebehandlung&#8220; title_align=&#8220;separator_align_left&#8220; style=&#8220;two&#8220; element_type=&#8220;div&#8220; border_color=&#8220;#dd3333&#8243;][vc_column_text] Normalgl\u00fchen H\u00e4rtung &#8211; 800 x 1750 x 500 mm \u2013 Kammergr\u00f6\u00dfe (Breite, Tiefe, H\u00f6he.) Gl\u00fchen \u2013 max. Ladung 2000 kg Tempern Induktionsh\u00e4rten \u2013 Abmessungen bis \u00d8 50 \u00d7 250 mm [\/vc_column_text][\/vc_column][vc_column width=&#8220;1\/4&#8243;][vc_widget_sidebar sidebar_id=&#8220;search_sidebar&#8220;][\/vc_column][\/vc_row][vc_row][vc_column][\/vc_column][\/vc_row]\" \/>\n<meta property=\"og:url\" content=\"https:\/\/wostal.pl\/de\/dienstleistungen\/waermebehandlung\/\" \/>\n<meta property=\"og:site_name\" content=\"ZMK &quot;WOSTAL&quot; Sp. z o.o. | Zak\u0142ady Mechaniczno - Ku\u017anicze\" \/>\n<meta property=\"article:publisher\" content=\"https:\/\/www.facebook.com\/profile.php?id=100086451331948\" \/>\n<meta property=\"article:modified_time\" content=\"2024-08-30T10:49:32+00:00\" \/>\n<meta property=\"og:image\" content=\"https:\/\/wostal.pl\/wp-content\/uploads\/2025\/07\/wostal_645x645.jpg\" \/>\n\t<meta property=\"og:image:width\" content=\"645\" \/>\n\t<meta property=\"og:image:height\" content=\"645\" \/>\n\t<meta property=\"og:image:type\" content=\"image\/jpeg\" \/>\n<meta name=\"twitter:card\" content=\"summary_large_image\" \/>\n<meta name=\"twitter:label1\" content=\"Gesch\u00e4tzte Lesezeit\" \/>\n\t<meta name=\"twitter:data1\" content=\"1\u00a0Minute\" \/>\n<script type=\"application\/ld+json\" class=\"yoast-schema-graph\">{\"@context\":\"https:\/\/schema.org\",\"@graph\":[{\"@type\":\"WebPage\",\"@id\":\"https:\/\/wostal.pl\/de\/dienstleistungen\/waermebehandlung\/\",\"url\":\"https:\/\/wostal.pl\/de\/dienstleistungen\/waermebehandlung\/\",\"name\":\"W\u00e4rmebehandlung - ZMK &quot;WOSTAL&quot; Sp. z o.o. | Zak\u0142ady Mechaniczno - Ku\u017anicze\",\"isPartOf\":{\"@id\":\"https:\/\/wostal.pl\/#website\"},\"datePublished\":\"2014-11-07T07:46:42+00:00\",\"dateModified\":\"2024-08-30T10:49:32+00:00\",\"breadcrumb\":{\"@id\":\"https:\/\/wostal.pl\/de\/dienstleistungen\/waermebehandlung\/#breadcrumb\"},\"inLanguage\":\"de\",\"potentialAction\":[{\"@type\":\"ReadAction\",\"target\":[\"https:\/\/wostal.pl\/de\/dienstleistungen\/waermebehandlung\/\"]}]},{\"@type\":\"BreadcrumbList\",\"@id\":\"https:\/\/wostal.pl\/de\/dienstleistungen\/waermebehandlung\/#breadcrumb\",\"itemListElement\":[{\"@type\":\"ListItem\",\"position\":1,\"name\":\"Strona g\u0142\u00f3wna\",\"item\":\"https:\/\/wostal.pl\/\"},{\"@type\":\"ListItem\",\"position\":2,\"name\":\"DIENSTLEISTUNGEN\",\"item\":\"https:\/\/wostal.pl\/de\/dienstleistungen\/\"},{\"@type\":\"ListItem\",\"position\":3,\"name\":\"W\u00e4rmebehandlung\"}]},{\"@type\":\"WebSite\",\"@id\":\"https:\/\/wostal.pl\/#website\",\"url\":\"https:\/\/wostal.pl\/\",\"name\":\"ZMK \\\"WOSTAL\\\" Sp. z o.o. | Zak\u0142ady Mechaniczno - Ku\u017anicze\",\"description\":\"\",\"publisher\":{\"@id\":\"https:\/\/wostal.pl\/#organization\"},\"potentialAction\":[{\"@type\":\"SearchAction\",\"target\":{\"@type\":\"EntryPoint\",\"urlTemplate\":\"https:\/\/wostal.pl\/?s={search_term_string}\"},\"query-input\":{\"@type\":\"PropertyValueSpecification\",\"valueRequired\":true,\"valueName\":\"search_term_string\"}}],\"inLanguage\":\"de\"},{\"@type\":\"Organization\",\"@id\":\"https:\/\/wostal.pl\/#organization\",\"name\":\"ZMK \\\"WOSTAL\\\" Sp. z o.o. | Zak\u0142ady Mechaniczno - Ku\u017anicze\",\"url\":\"https:\/\/wostal.pl\/\",\"logo\":{\"@type\":\"ImageObject\",\"inLanguage\":\"de\",\"@id\":\"https:\/\/wostal.pl\/#\/schema\/logo\/image\/\",\"url\":\"https:\/\/wostal.pl\/wp-content\/uploads\/2014\/11\/logo-e1686068755176.png\",\"contentUrl\":\"https:\/\/wostal.pl\/wp-content\/uploads\/2014\/11\/logo-e1686068755176.png\",\"width\":200,\"height\":61,\"caption\":\"ZMK \\\"WOSTAL\\\" Sp. z o.o. | Zak\u0142ady Mechaniczno - Ku\u017anicze\"},\"image\":{\"@id\":\"https:\/\/wostal.pl\/#\/schema\/logo\/image\/\"},\"sameAs\":[\"https:\/\/www.facebook.com\/profile.php?id=100086451331948\",\"https:\/\/www.linkedin.com\/company\/zmkwostal\"]}]}<\/script>\n<!-- \/ Yoast SEO plugin. -->","yoast_head_json":{"title":"W\u00e4rmebehandlung - ZMK &quot;WOSTAL&quot; Sp. z o.o. | Zak\u0142ady Mechaniczno - Ku\u017anicze","robots":{"index":"index","follow":"follow","max-snippet":"max-snippet:-1","max-image-preview":"max-image-preview:large","max-video-preview":"max-video-preview:-1"},"canonical":"https:\/\/wostal.pl\/de\/dienstleistungen\/waermebehandlung\/","og_locale":"de_DE","og_type":"article","og_title":"W\u00e4rmebehandlung - ZMK &quot;WOSTAL&quot; Sp. z o.o. | Zak\u0142ady Mechaniczno - Ku\u017anicze","og_description":"[vc_row][vc_column][rev_slider_vc alias=&#8220;slider_2&#8243;][\/vc_column][\/vc_row][vc_row center_row=&#8220;yes&#8220;][vc_column width=&#8220;3\/4&#8243;][vc_text_separator title=&#8220;W\u00e4rmebehandlung&#8220; title_align=&#8220;separator_align_left&#8220; style=&#8220;two&#8220; element_type=&#8220;div&#8220; border_color=&#8220;#dd3333&#8243;][vc_column_text] Normalgl\u00fchen H\u00e4rtung &#8211; 800 x 1750 x 500 mm \u2013 Kammergr\u00f6\u00dfe (Breite, Tiefe, H\u00f6he.) Gl\u00fchen \u2013 max. Ladung 2000 kg Tempern Induktionsh\u00e4rten \u2013 Abmessungen bis \u00d8 50 \u00d7 250 mm [\/vc_column_text][\/vc_column][vc_column width=&#8220;1\/4&#8243;][vc_widget_sidebar sidebar_id=&#8220;search_sidebar&#8220;][\/vc_column][\/vc_row][vc_row][vc_column][\/vc_column][\/vc_row]","og_url":"https:\/\/wostal.pl\/de\/dienstleistungen\/waermebehandlung\/","og_site_name":"ZMK &quot;WOSTAL&quot; Sp. z o.o. | Zak\u0142ady Mechaniczno - Ku\u017anicze","article_publisher":"https:\/\/www.facebook.com\/profile.php?id=100086451331948","article_modified_time":"2024-08-30T10:49:32+00:00","og_image":[{"width":645,"height":645,"url":"https:\/\/wostal.pl\/wp-content\/uploads\/2025\/07\/wostal_645x645.jpg","type":"image\/jpeg"}],"twitter_card":"summary_large_image","twitter_misc":{"Gesch\u00e4tzte Lesezeit":"1\u00a0Minute"},"schema":{"@context":"https:\/\/schema.org","@graph":[{"@type":"WebPage","@id":"https:\/\/wostal.pl\/de\/dienstleistungen\/waermebehandlung\/","url":"https:\/\/wostal.pl\/de\/dienstleistungen\/waermebehandlung\/","name":"W\u00e4rmebehandlung - ZMK &quot;WOSTAL&quot; Sp. z o.o. | Zak\u0142ady Mechaniczno - Ku\u017anicze","isPartOf":{"@id":"https:\/\/wostal.pl\/#website"},"datePublished":"2014-11-07T07:46:42+00:00","dateModified":"2024-08-30T10:49:32+00:00","breadcrumb":{"@id":"https:\/\/wostal.pl\/de\/dienstleistungen\/waermebehandlung\/#breadcrumb"},"inLanguage":"de","potentialAction":[{"@type":"ReadAction","target":["https:\/\/wostal.pl\/de\/dienstleistungen\/waermebehandlung\/"]}]},{"@type":"BreadcrumbList","@id":"https:\/\/wostal.pl\/de\/dienstleistungen\/waermebehandlung\/#breadcrumb","itemListElement":[{"@type":"ListItem","position":1,"name":"Strona g\u0142\u00f3wna","item":"https:\/\/wostal.pl\/"},{"@type":"ListItem","position":2,"name":"DIENSTLEISTUNGEN","item":"https:\/\/wostal.pl\/de\/dienstleistungen\/"},{"@type":"ListItem","position":3,"name":"W\u00e4rmebehandlung"}]},{"@type":"WebSite","@id":"https:\/\/wostal.pl\/#website","url":"https:\/\/wostal.pl\/","name":"ZMK \"WOSTAL\" Sp. z o.o. | Zak\u0142ady Mechaniczno - Ku\u017anicze","description":"","publisher":{"@id":"https:\/\/wostal.pl\/#organization"},"potentialAction":[{"@type":"SearchAction","target":{"@type":"EntryPoint","urlTemplate":"https:\/\/wostal.pl\/?s={search_term_string}"},"query-input":{"@type":"PropertyValueSpecification","valueRequired":true,"valueName":"search_term_string"}}],"inLanguage":"de"},{"@type":"Organization","@id":"https:\/\/wostal.pl\/#organization","name":"ZMK \"WOSTAL\" Sp. z o.o. | Zak\u0142ady Mechaniczno - Ku\u017anicze","url":"https:\/\/wostal.pl\/","logo":{"@type":"ImageObject","inLanguage":"de","@id":"https:\/\/wostal.pl\/#\/schema\/logo\/image\/","url":"https:\/\/wostal.pl\/wp-content\/uploads\/2014\/11\/logo-e1686068755176.png","contentUrl":"https:\/\/wostal.pl\/wp-content\/uploads\/2014\/11\/logo-e1686068755176.png","width":200,"height":61,"caption":"ZMK \"WOSTAL\" Sp. z o.o. | Zak\u0142ady Mechaniczno - Ku\u017anicze"},"image":{"@id":"https:\/\/wostal.pl\/#\/schema\/logo\/image\/"},"sameAs":["https:\/\/www.facebook.com\/profile.php?id=100086451331948","https:\/\/www.linkedin.com\/company\/zmkwostal"]}]}},"_links":{"self":[{"href":"https:\/\/wostal.pl\/de\/wp-json\/wp\/v2\/pages\/975","targetHints":{"allow":["GET"]}}],"collection":[{"href":"https:\/\/wostal.pl\/de\/wp-json\/wp\/v2\/pages"}],"about":[{"href":"https:\/\/wostal.pl\/de\/wp-json\/wp\/v2\/types\/page"}],"author":[{"embeddable":true,"href":"https:\/\/wostal.pl\/de\/wp-json\/wp\/v2\/users\/2"}],"replies":[{"embeddable":true,"href":"https:\/\/wostal.pl\/de\/wp-json\/wp\/v2\/comments?post=975"}],"version-history":[{"count":2,"href":"https:\/\/wostal.pl\/de\/wp-json\/wp\/v2\/pages\/975\/revisions"}],"predecessor-version":[{"id":11724,"href":"https:\/\/wostal.pl\/de\/wp-json\/wp\/v2\/pages\/975\/revisions\/11724"}],"up":[{"embeddable":true,"href":"https:\/\/wostal.pl\/de\/wp-json\/wp\/v2\/pages\/969"}],"wp:attachment":[{"href":"https:\/\/wostal.pl\/de\/wp-json\/wp\/v2\/media?parent=975"}],"curies":[{"name":"wp","href":"https:\/\/api.w.org\/{rel}","templated":true}]}}