{"id":943,"date":"2014-11-07T07:50:29","date_gmt":"2014-11-07T07:50:29","guid":{"rendered":"http:\/\/wostal.pl\/firma\/historia\/"},"modified":"2024-07-08T20:53:11","modified_gmt":"2024-07-08T18:53:11","slug":"meilensteine","status":"publish","type":"page","link":"https:\/\/wostal.pl\/de\/meilensteine\/","title":{"rendered":"Meilensteine"},"content":{"rendered":"<div class=\"wpb-content-wrapper\">[vc_row][vc_column][rev_slider_vc alias=&#8220;slider_2&#8243;][\/vc_column][\/vc_row][vc_row center_row=&#8220;yes&#8220;][vc_column width=&#8220;3\/4&#8243;][vc_custom_heading text=&#8220;Wostal Meilensteine&#8220; font_container=&#8220;tag:h4|font_size:25px|text_align:left&#8220; google_fonts=&#8220;font_family:Lato%3A100%2C100italic%2C300%2C300italic%2Cregular%2Citalic%2C700%2C700italic%2C900%2C900italic|font_style:900%20bold%20regular%3A900%3Anormal&#8220;]<div class=\"vcex-spacing wpex-w-100 wpex-clear\" style=\"height:30px;\"><\/div><div class=\"vcex-module vcex-teaser vcex-teaser-one wpex-flex wpex-flex-col\"><div class=\"vcex-teaser-content\"><h3 class=\"vcex-teaser-heading wpex-heading wpex-text-lg\">1949<\/h3><div class=\"vcex-teaser-text wpex-mt-10 wpex-last-mb-0 wpex-clr\"><p>Anf\u00e4nge von Wostal. An der Stelle von heutigen Firmengel\u00e4nde wurde Fabrik von Metallwaren gegr\u00fcndet. Dieses Unternehmen konzentrierte sich auf Metallverarbeitung und Produkten f\u00fcr Bergbauindustrie und polnischer Bahn.<\/p>\n<\/div><\/div><\/div><div class=\"vcex-module vcex-divider vcex-divider-solid vcex-divider-center wpex-mx-auto wpex-max-w-100 wpex-block wpex-h-0 wpex-border-b wpex-border-solid wpex-border-main\" style=\"width:100%;margin-block:20px;border-bottom-width:1px;\"><\/div><div class=\"vcex-module vcex-teaser vcex-teaser-one wpex-flex wpex-flex-col\"><div class=\"vcex-teaser-content\"><h3 class=\"vcex-teaser-heading wpex-heading wpex-text-lg\">1989<\/h3><div class=\"vcex-teaser-text wpex-mt-10 wpex-last-mb-0 wpex-clr\"><p>\u201eTECHMATRANS\u201d aus Radom und FATA Automation aus Turin gr\u00fcnden ein Gemeinschaftsunternehmen \u201eTefa&#8220;.<\/p>\n<\/div><\/div><\/div><div class=\"vcex-module vcex-divider vcex-divider-solid vcex-divider-center wpex-mx-auto wpex-max-w-100 wpex-block wpex-h-0 wpex-border-b wpex-border-solid wpex-border-main\" style=\"width:100%;margin-block:20px;border-bottom-width:1px;\"><\/div><div class=\"vcex-module vcex-teaser vcex-teaser-one wpex-flex wpex-flex-col\"><div class=\"vcex-teaser-content\"><h3 class=\"vcex-teaser-heading wpex-heading wpex-text-lg\">1991<\/h3><div class=\"vcex-teaser-text wpex-mt-10 wpex-last-mb-0 wpex-clr\"><p>\u201eTEFA\u201d liquidiert den Betrieb in Wolbrom. Die Belegschaft und die Gesch\u00e4ftsf\u00fchrung gr\u00fcnden die Gesellschaft: \u201eMechanik- und Schmiedebetrieb Wostal\u201d.<\/p>\n<\/div><\/div><\/div><div class=\"vcex-module vcex-divider vcex-divider-solid vcex-divider-center wpex-mx-auto wpex-max-w-100 wpex-block wpex-h-0 wpex-border-b wpex-border-solid wpex-border-main\" style=\"width:100%;margin-block:20px;border-bottom-width:1px;\"><\/div><div class=\"vcex-module vcex-teaser vcex-teaser-one wpex-flex wpex-flex-col\"><div class=\"vcex-teaser-content\"><h3 class=\"vcex-teaser-heading wpex-heading wpex-text-lg\">2014<\/h3><div class=\"vcex-teaser-text wpex-mt-10 wpex-last-mb-0 wpex-clr\"><p>Firma FTT Wolbrom (<a href=\"http:\/\/www.fttwolbrom.com.pl\">www.fttwolbrom.com.pl<\/a>) kauft die Mehrheitsanteile von Wostal.<\/p>\n<\/div><\/div><\/div>[\/vc_column][vc_column width=&#8220;1\/4&#8243;][vc_widget_sidebar sidebar_id=&#8220;sidebar&#8220; el_class=&#8220;color:#333;&#8220; el_id=&#8220;20&#8243;][\/vc_column][\/vc_row][vc_row center_row=&#8220;yes&#8220;][vc_column width=&#8220;3\/4&#8243;][vc_text_separator title=&#8220;Galerie&#8220; title_align=&#8220;separator_align_left&#8220; style=&#8220;two&#8220; element_type=&#8220;div&#8220; border_color=&#8220;#dd3333&#8243;][\/vc_column][vc_column width=&#8220;1\/4&#8243;][\/vc_column][\/vc_row]\n<\/div>","protected":false},"excerpt":{"rendered":"<p>[vc_row][vc_column][rev_slider_vc alias=&#8220;slider_2&#8243;][\/vc_column][\/vc_row][vc_row center_row=&#8220;yes&#8220;][vc_column width=&#8220;3\/4&#8243;][vc_custom_heading text=&#8220;Wostal Meilensteine&#8220; font_container=&#8220;tag:h4|font_size:25px|text_align:left&#8220; google_fonts=&#8220;font_family:Lato%3A100%2C100italic%2C300%2C300italic%2Cregular%2Citalic%2C700%2C700italic%2C900%2C900italic|font_style:900%20bold%20regular%3A900%3Anormal&#8220;][\/vc_column][vc_column width=&#8220;1\/4&#8243;][vc_widget_sidebar sidebar_id=&#8220;sidebar&#8220; el_class=&#8220;color:#333;&#8220; el_id=&#8220;20&#8243;][\/vc_column][\/vc_row][vc_row center_row=&#8220;yes&#8220;][vc_column width=&#8220;3\/4&#8243;][vc_text_separator title=&#8220;Galerie&#8220; title_align=&#8220;separator_align_left&#8220; style=&#8220;two&#8220; element_type=&#8220;div&#8220; border_color=&#8220;#dd3333&#8243;][\/vc_column][vc_column width=&#8220;1\/4&#8243;][\/vc_column][\/vc_row]<\/p>\n","protected":false},"author":1,"featured_media":0,"parent":0,"menu_order":1,"comment_status":"closed","ping_status":"closed","template":"","meta":{"footnotes":""},"class_list":["post-943","page","type-page","status-publish","hentry","entry","no-media"],"yoast_head":"<!-- This site is optimized with the Yoast SEO plugin v26.2 - https:\/\/yoast.com\/wordpress\/plugins\/seo\/ -->\n<title>Meilensteine - ZMK &quot;WOSTAL&quot; Sp. z o.o. | Zak\u0142ady Mechaniczno - Ku\u017anicze<\/title>\n<meta name=\"robots\" content=\"index, follow, max-snippet:-1, max-image-preview:large, max-video-preview:-1\" \/>\n<link rel=\"canonical\" href=\"https:\/\/wostal.pl\/de\/meilensteine\/\" \/>\n<meta property=\"og:locale\" content=\"de_DE\" \/>\n<meta property=\"og:type\" content=\"article\" \/>\n<meta property=\"og:title\" content=\"Meilensteine - ZMK &quot;WOSTAL&quot; Sp. z o.o. | Zak\u0142ady Mechaniczno - Ku\u017anicze\" \/>\n<meta property=\"og:description\" content=\"[vc_row][vc_column][rev_slider_vc alias=&#8220;slider_2&#8243;][\/vc_column][\/vc_row][vc_row center_row=&#8220;yes&#8220;][vc_column width=&#8220;3\/4&#8243;][vc_custom_heading text=&#8220;Wostal Meilensteine&#8220; font_container=&#8220;tag:h4|font_size:25px|text_align:left&#8220; google_fonts=&#8220;font_family:Lato%3A100%2C100italic%2C300%2C300italic%2Cregular%2Citalic%2C700%2C700italic%2C900%2C900italic|font_style:900%20bold%20regular%3A900%3Anormal&#8220;][\/vc_column][vc_column width=&#8220;1\/4&#8243;][vc_widget_sidebar sidebar_id=&#8220;sidebar&#8220; el_class=&#8220;color:#333;&#8220; el_id=&#8220;20&#8243;][\/vc_column][\/vc_row][vc_row center_row=&#8220;yes&#8220;][vc_column width=&#8220;3\/4&#8243;][vc_text_separator title=&#8220;Galerie&#8220; title_align=&#8220;separator_align_left&#8220; style=&#8220;two&#8220; element_type=&#8220;div&#8220; border_color=&#8220;#dd3333&#8243;][\/vc_column][vc_column width=&#8220;1\/4&#8243;][\/vc_column][\/vc_row]\" \/>\n<meta property=\"og:url\" content=\"https:\/\/wostal.pl\/de\/meilensteine\/\" \/>\n<meta property=\"og:site_name\" content=\"ZMK &quot;WOSTAL&quot; Sp. z o.o. | Zak\u0142ady Mechaniczno - Ku\u017anicze\" \/>\n<meta property=\"article:publisher\" content=\"https:\/\/www.facebook.com\/profile.php?id=100086451331948\" \/>\n<meta property=\"article:modified_time\" content=\"2024-07-08T18:53:11+00:00\" \/>\n<meta property=\"og:image\" content=\"https:\/\/wostal.pl\/wp-content\/uploads\/2025\/07\/wostal_645x645.jpg\" \/>\n\t<meta property=\"og:image:width\" content=\"645\" \/>\n\t<meta property=\"og:image:height\" content=\"645\" \/>\n\t<meta property=\"og:image:type\" content=\"image\/jpeg\" \/>\n<meta name=\"twitter:card\" content=\"summary_large_image\" \/>\n<meta name=\"twitter:label1\" content=\"Gesch\u00e4tzte Lesezeit\" \/>\n\t<meta name=\"twitter:data1\" content=\"1\u00a0Minute\" \/>\n<script type=\"application\/ld+json\" class=\"yoast-schema-graph\">{\"@context\":\"https:\/\/schema.org\",\"@graph\":[{\"@type\":\"WebPage\",\"@id\":\"https:\/\/wostal.pl\/de\/meilensteine\/\",\"url\":\"https:\/\/wostal.pl\/de\/meilensteine\/\",\"name\":\"Meilensteine - ZMK &quot;WOSTAL&quot; Sp. z o.o. | Zak\u0142ady Mechaniczno - Ku\u017anicze\",\"isPartOf\":{\"@id\":\"https:\/\/wostal.pl\/#website\"},\"datePublished\":\"2014-11-07T07:50:29+00:00\",\"dateModified\":\"2024-07-08T18:53:11+00:00\",\"breadcrumb\":{\"@id\":\"https:\/\/wostal.pl\/de\/meilensteine\/#breadcrumb\"},\"inLanguage\":\"de\",\"potentialAction\":[{\"@type\":\"ReadAction\",\"target\":[\"https:\/\/wostal.pl\/de\/meilensteine\/\"]}]},{\"@type\":\"BreadcrumbList\",\"@id\":\"https:\/\/wostal.pl\/de\/meilensteine\/#breadcrumb\",\"itemListElement\":[{\"@type\":\"ListItem\",\"position\":1,\"name\":\"Strona g\u0142\u00f3wna\",\"item\":\"https:\/\/wostal.pl\/\"},{\"@type\":\"ListItem\",\"position\":2,\"name\":\"Meilensteine\"}]},{\"@type\":\"WebSite\",\"@id\":\"https:\/\/wostal.pl\/#website\",\"url\":\"https:\/\/wostal.pl\/\",\"name\":\"ZMK \\\"WOSTAL\\\" Sp. z o.o. | Zak\u0142ady Mechaniczno - Ku\u017anicze\",\"description\":\"\",\"publisher\":{\"@id\":\"https:\/\/wostal.pl\/#organization\"},\"potentialAction\":[{\"@type\":\"SearchAction\",\"target\":{\"@type\":\"EntryPoint\",\"urlTemplate\":\"https:\/\/wostal.pl\/?s={search_term_string}\"},\"query-input\":{\"@type\":\"PropertyValueSpecification\",\"valueRequired\":true,\"valueName\":\"search_term_string\"}}],\"inLanguage\":\"de\"},{\"@type\":\"Organization\",\"@id\":\"https:\/\/wostal.pl\/#organization\",\"name\":\"ZMK \\\"WOSTAL\\\" Sp. z o.o. | Zak\u0142ady Mechaniczno - Ku\u017anicze\",\"url\":\"https:\/\/wostal.pl\/\",\"logo\":{\"@type\":\"ImageObject\",\"inLanguage\":\"de\",\"@id\":\"https:\/\/wostal.pl\/#\/schema\/logo\/image\/\",\"url\":\"https:\/\/wostal.pl\/wp-content\/uploads\/2014\/11\/logo-e1686068755176.png\",\"contentUrl\":\"https:\/\/wostal.pl\/wp-content\/uploads\/2014\/11\/logo-e1686068755176.png\",\"width\":200,\"height\":61,\"caption\":\"ZMK \\\"WOSTAL\\\" Sp. z o.o. | Zak\u0142ady Mechaniczno - Ku\u017anicze\"},\"image\":{\"@id\":\"https:\/\/wostal.pl\/#\/schema\/logo\/image\/\"},\"sameAs\":[\"https:\/\/www.facebook.com\/profile.php?id=100086451331948\",\"https:\/\/www.linkedin.com\/company\/zmkwostal\"]}]}<\/script>\n<!-- \/ Yoast SEO plugin. -->","yoast_head_json":{"title":"Meilensteine - ZMK &quot;WOSTAL&quot; Sp. z o.o. | Zak\u0142ady Mechaniczno - Ku\u017anicze","robots":{"index":"index","follow":"follow","max-snippet":"max-snippet:-1","max-image-preview":"max-image-preview:large","max-video-preview":"max-video-preview:-1"},"canonical":"https:\/\/wostal.pl\/de\/meilensteine\/","og_locale":"de_DE","og_type":"article","og_title":"Meilensteine - ZMK &quot;WOSTAL&quot; Sp. z o.o. | Zak\u0142ady Mechaniczno - Ku\u017anicze","og_description":"[vc_row][vc_column][rev_slider_vc alias=&#8220;slider_2&#8243;][\/vc_column][\/vc_row][vc_row center_row=&#8220;yes&#8220;][vc_column width=&#8220;3\/4&#8243;][vc_custom_heading text=&#8220;Wostal Meilensteine&#8220; font_container=&#8220;tag:h4|font_size:25px|text_align:left&#8220; google_fonts=&#8220;font_family:Lato%3A100%2C100italic%2C300%2C300italic%2Cregular%2Citalic%2C700%2C700italic%2C900%2C900italic|font_style:900%20bold%20regular%3A900%3Anormal&#8220;][\/vc_column][vc_column width=&#8220;1\/4&#8243;][vc_widget_sidebar sidebar_id=&#8220;sidebar&#8220; el_class=&#8220;color:#333;&#8220; el_id=&#8220;20&#8243;][\/vc_column][\/vc_row][vc_row center_row=&#8220;yes&#8220;][vc_column width=&#8220;3\/4&#8243;][vc_text_separator title=&#8220;Galerie&#8220; title_align=&#8220;separator_align_left&#8220; style=&#8220;two&#8220; element_type=&#8220;div&#8220; border_color=&#8220;#dd3333&#8243;][\/vc_column][vc_column width=&#8220;1\/4&#8243;][\/vc_column][\/vc_row]","og_url":"https:\/\/wostal.pl\/de\/meilensteine\/","og_site_name":"ZMK &quot;WOSTAL&quot; Sp. z o.o. | Zak\u0142ady Mechaniczno - Ku\u017anicze","article_publisher":"https:\/\/www.facebook.com\/profile.php?id=100086451331948","article_modified_time":"2024-07-08T18:53:11+00:00","og_image":[{"width":645,"height":645,"url":"https:\/\/wostal.pl\/wp-content\/uploads\/2025\/07\/wostal_645x645.jpg","type":"image\/jpeg"}],"twitter_card":"summary_large_image","twitter_misc":{"Gesch\u00e4tzte Lesezeit":"1\u00a0Minute"},"schema":{"@context":"https:\/\/schema.org","@graph":[{"@type":"WebPage","@id":"https:\/\/wostal.pl\/de\/meilensteine\/","url":"https:\/\/wostal.pl\/de\/meilensteine\/","name":"Meilensteine - ZMK &quot;WOSTAL&quot; Sp. z o.o. | Zak\u0142ady Mechaniczno - Ku\u017anicze","isPartOf":{"@id":"https:\/\/wostal.pl\/#website"},"datePublished":"2014-11-07T07:50:29+00:00","dateModified":"2024-07-08T18:53:11+00:00","breadcrumb":{"@id":"https:\/\/wostal.pl\/de\/meilensteine\/#breadcrumb"},"inLanguage":"de","potentialAction":[{"@type":"ReadAction","target":["https:\/\/wostal.pl\/de\/meilensteine\/"]}]},{"@type":"BreadcrumbList","@id":"https:\/\/wostal.pl\/de\/meilensteine\/#breadcrumb","itemListElement":[{"@type":"ListItem","position":1,"name":"Strona g\u0142\u00f3wna","item":"https:\/\/wostal.pl\/"},{"@type":"ListItem","position":2,"name":"Meilensteine"}]},{"@type":"WebSite","@id":"https:\/\/wostal.pl\/#website","url":"https:\/\/wostal.pl\/","name":"ZMK \"WOSTAL\" Sp. z o.o. | Zak\u0142ady Mechaniczno - Ku\u017anicze","description":"","publisher":{"@id":"https:\/\/wostal.pl\/#organization"},"potentialAction":[{"@type":"SearchAction","target":{"@type":"EntryPoint","urlTemplate":"https:\/\/wostal.pl\/?s={search_term_string}"},"query-input":{"@type":"PropertyValueSpecification","valueRequired":true,"valueName":"search_term_string"}}],"inLanguage":"de"},{"@type":"Organization","@id":"https:\/\/wostal.pl\/#organization","name":"ZMK \"WOSTAL\" Sp. z o.o. | Zak\u0142ady Mechaniczno - Ku\u017anicze","url":"https:\/\/wostal.pl\/","logo":{"@type":"ImageObject","inLanguage":"de","@id":"https:\/\/wostal.pl\/#\/schema\/logo\/image\/","url":"https:\/\/wostal.pl\/wp-content\/uploads\/2014\/11\/logo-e1686068755176.png","contentUrl":"https:\/\/wostal.pl\/wp-content\/uploads\/2014\/11\/logo-e1686068755176.png","width":200,"height":61,"caption":"ZMK \"WOSTAL\" Sp. z o.o. | Zak\u0142ady Mechaniczno - Ku\u017anicze"},"image":{"@id":"https:\/\/wostal.pl\/#\/schema\/logo\/image\/"},"sameAs":["https:\/\/www.facebook.com\/profile.php?id=100086451331948","https:\/\/www.linkedin.com\/company\/zmkwostal"]}]}},"_links":{"self":[{"href":"https:\/\/wostal.pl\/de\/wp-json\/wp\/v2\/pages\/943","targetHints":{"allow":["GET"]}}],"collection":[{"href":"https:\/\/wostal.pl\/de\/wp-json\/wp\/v2\/pages"}],"about":[{"href":"https:\/\/wostal.pl\/de\/wp-json\/wp\/v2\/types\/page"}],"author":[{"embeddable":true,"href":"https:\/\/wostal.pl\/de\/wp-json\/wp\/v2\/users\/1"}],"replies":[{"embeddable":true,"href":"https:\/\/wostal.pl\/de\/wp-json\/wp\/v2\/comments?post=943"}],"version-history":[{"count":3,"href":"https:\/\/wostal.pl\/de\/wp-json\/wp\/v2\/pages\/943\/revisions"}],"predecessor-version":[{"id":11612,"href":"https:\/\/wostal.pl\/de\/wp-json\/wp\/v2\/pages\/943\/revisions\/11612"}],"wp:attachment":[{"href":"https:\/\/wostal.pl\/de\/wp-json\/wp\/v2\/media?parent=943"}],"curies":[{"name":"wp","href":"https:\/\/api.w.org\/{rel}","templated":true}]}}